{"id":11,"date":"2018-02-14T10:53:42","date_gmt":"2018-02-14T09:53:42","guid":{"rendered":"http:\/\/www.onluscosimobattiato.it\/onlus\/?page_id=11"},"modified":"2025-04-10T12:23:10","modified_gmt":"2025-04-10T10:23:10","slug":"i-progetti","status":"publish","type":"page","link":"https:\/\/www.onluscosimobattiato.it\/onlus\/i-progetti\/","title":{"rendered":"I Progetti"},"content":{"rendered":"<p>La vendita dei prodotti artigianali realizzati dai volontari, le donazioni elargite e il contributo del 5&#215;1000 ci consentono di rinnovare ogni anno <strong>l\u2019adozione di 2 ragazzi che vivono in Ruanda, <\/strong>adottare un bambino significa aiutarlo ad andare a scuola, avere cure mediche e medicine ogni qual volta ne avr\u00e0 bisogno, vestirsi e a poter mangiare con pi\u00f9 regolarit\u00e0; <strong>l\u2019adozione scolastica di 5 ragazzi che vivono in Ruanda, <\/strong>l\u2019adozione scolastica assicura ad un bambino la tassa scolastica e tutto quanto \u00e8 necessario per lo studio: libri, materiale di cancelleria, quaderni, &#8230;&nbsp; Inoltre, ogni anno cerchiamo di realizzare alcuni progetti per portare un sorriso e un po\u2019 di felicit\u00e0 a bambini, giovani, donne che si trovano in difficolt\u00e0.<\/p>\n<p><strong>Progetti 2025<\/strong><\/p>\n<p>Contribuire a donare una nuova protesi oculare a Kennya una giovane di 22 anni, mamma di una bambina Sofia di 2 anni nata senza occhi. Il padre della bambina le ha abbandonate, vivono in condizioni di povert\u00e0 con i nonni di Kennya.<\/p>\n<p>Kennya \u00e8 nata senza un occhio, all\u2019et\u00e0 di 16 anni le hanno fatto una protesi che oggi purtroppo risulta essere piccola e spesso cade occorre quindi sostituire la protesi.<\/p>\n<p>&nbsp;<\/p>\n<p>Aiutaci a realizzare i progetti con una donazione sul conto intestato a: Associazione Cosimo Battiato ONLUS &#8211; IBAN IT05 E076 0103 2000 0000 8220 677<\/p>\n<p><em>Le donazioni a favore dell\u2019Associazione Cosimo Battiato sono fiscalmente deducibili nella dichiarazione dei redditi. Conserva pertanto la ricevuta del versamento, ti consentir\u00e0 di richiedere la deduzione nella dichiarazione dei redditi del prossimo anno.<\/em><\/p>\n<p><a href=\"http:\/\/www.onluscosimobattiato.it\/onlus\/progetti-2023\/\">PROGETTI 2023<\/a><\/p>\n<p><a href=\"http:\/\/www.onluscosimobattiato.it\/onlus\/progetti-2022\/\">PROGETTI 2022<\/a><\/p>\n<p><a href=\"http:\/\/www.onluscosimobattiato.it\/onlus\/progetti-2021\/\">PROGETTI 2021<\/a><\/p>\n<p><a href=\"http:\/\/www.onluscosimobattiato.it\/onlus\/progetti-2020\/\">PROGETTI 2020<\/a><\/p>\n<p><a href=\"http:\/\/www.onluscosimobattiato.it\/onlus\/progetti-2019\/\">PROGETTI 2019<\/a><\/p>\n\n\n<p><a href=\"http:\/\/www.onluscosimobattiato.it\/onlus\/progetti-2018\/\">PROGETTI 2018<\/a><\/p>\n\n\n\n<p><a href=\"http:\/\/www.onluscosimobattiato.it\/onlus\/progetti-2017\/\">PROGETTI 2017<\/a><\/p>\n\n\n\n<p><a href=\"http:\/\/www.onluscosimobattiato.it\/onlus\/progetti-2016\/\">PROGETTI 2016<\/a><\/p>\n\n\n\n<p><a href=\"http:\/\/www.onluscosimobattiato.it\/onlus\/progetti-2011-2015\/\">PROGETTI 2011-2015<\/a><\/p>\n","protected":false},"excerpt":{"rendered":"<p>La vendita dei prodotti artigianali realizzati dai volontari, le donazioni elargite e il contributo del 5&#215;1000 ci consentono di rinnovare ogni anno l\u2019adozione di 2 ragazzi che vivono in Ruanda, adottare un bambino significa aiutarlo ad andare a scuola, avere cure mediche e medicine ogni qual volta ne avr\u00e0 bisogno, vestirsi e a poter mangiare [&hellip;]<\/p>\n","protected":false},"author":1,"featured_media":0,"parent":0,"menu_order":0,"comment_status":"closed","ping_status":"closed","template":"","meta":{"ngg_post_thumbnail":0,"spay_email":""},"jetpack_sharing_enabled":true,"jetpack_shortlink":"https:\/\/wp.me\/P9F40P-b","jetpack_likes_enabled":true,"jetpack-related-posts":[{"id":541,"url":"https:\/\/www.onluscosimobattiato.it\/onlus\/progetti-2011-2015\/","url_meta":{"origin":11,"position":0},"title":"Progetti 2011-2015","date":"5 Marzo 2021","format":false,"excerpt":"2015 Donato 2 dattilo braille alla scuola Lira in UgandaAcquistato per Jacob, ragazzo cieco-sordo che vive in Kenia 2 caprette per avviare un allevamentoAcquistato per una ragazza cieca che vive in Kenia un forno e gli accessori per produrre il pane ed avviare un\u2019attivit\u00e0 lavorativa 2014 Donazione di 30 bastoni\u2026","rel":"","context":"Articolo simile","img":{"alt_text":"","src":"","width":0,"height":0},"classes":[]},{"id":539,"url":"https:\/\/www.onluscosimobattiato.it\/onlus\/progetti-2016\/","url_meta":{"origin":11,"position":1},"title":"Progetti 2016","date":"5 Marzo 2021","format":false,"excerpt":"La nostra amica Nucci ci ha segnalato 2 progetti: Winfred Alcuni ragazzi che vivono in Kenia avrebbero bisogno di carrozzine per disabili per potersi muovere in autonomia: Winfred una ragazza con residuo visivo limitatissimo con gravi problemi di deambulazione. Ha imparato a lavorare a maglia con la macchina di maglieria\u2026","rel":"","context":"Articolo simile","img":{"alt_text":"","src":"https:\/\/i2.wp.com\/www.onluscosimobattiato.it\/wp-content\/uploads\/2021\/03\/carrozzina.png?resize=350%2C200&ssl=1","width":350,"height":200},"classes":[]},{"id":790,"url":"https:\/\/www.onluscosimobattiato.it\/onlus\/progetti-2021\/","url_meta":{"origin":11,"position":2},"title":"Progetti 2021","date":"30 Aprile 2022","format":false,"excerpt":"Finalmente da settembre 2021 \u00e8 stato possibile realizzare i mercatini domenicali che ci consentono di raccogliere fondi per i progetti. Con i vostri contributi abbiamo sostenuto Cesar un giovane cieco dalla nascita di 16 anni autistico che vive in Costa Rica. Cesar ha imparato a camminare da solo con l\u2019ausilio\u2026","rel":"","context":"Articolo simile","img":{"alt_text":"","src":"","width":0,"height":0},"classes":[]},{"id":929,"url":"https:\/\/www.onluscosimobattiato.it\/onlus\/progetti-2023\/","url_meta":{"origin":11,"position":3},"title":"Progetti 2023","date":"30 Maggio 2024","format":false,"excerpt":"Nel 2023 abbiamo donato: ai ragazzi ciechi della scuola St.Lucy\u2019s School For The Blind in Kenia tavoli per giocare a pingpong ovvero SHOWDON. Lo showdown \u00e8 uno sport per ipovedenti e ciechi, Questo sport, largamente praticato a livello nazionale ed internazionale, si gioca in Europa, Asia, Africa, Nord e Sud\u2026","rel":"","context":"Articolo simile","img":{"alt_text":"","src":"","width":0,"height":0},"classes":[]},{"id":20,"url":"https:\/\/www.onluscosimobattiato.it\/onlus\/chi-siamo\/","url_meta":{"origin":11,"position":4},"title":"Chi siamo","date":"14 Febbraio 2018","format":false,"excerpt":"L'Associazione \u00e8 una organizzazione non lucrativa di solidariet\u00e0 sociale (ONLUS) il cui scopo principale \u00e8 la solidariet\u00e0 sociale verso tutte le persone svantaggiate in ragione di condizioni fisiche, economiche e familiari. L\u2019Associazione \u00e8 stata costituita il 21 dicembre 2010 per ricordare l\u2019opera di amore verso i pi\u00f9 bisognosi da parte\u2026","rel":"","context":"Articolo simile","img":{"alt_text":"","src":"","width":0,"height":0},"classes":[]},{"id":533,"url":"https:\/\/www.onluscosimobattiato.it\/onlus\/progetti-2020\/","url_meta":{"origin":11,"position":5},"title":"Progetti 2020","date":"5 Marzo 2021","format":false,"excerpt":"In questo anno, la pandemia ha limitato la possibilit\u00e0 di realizzare mercatini domenicali, principale mezzo per raccogliere fondi, ma l\u2019Associazione Cosimo Battiato non ha mai smesso di sostenere coloro che ci chiedono un aiuto. Alla casa-famiglia \u2018La Casa della Mamma\u2019 di Roma, che accoglie giovani madri con i loro bambini\u2026","rel":"","context":"Articolo simile","img":{"alt_text":"","src":"","width":0,"height":0},"classes":[]}],"_links":{"self":[{"href":"https:\/\/www.onluscosimobattiato.it\/onlus\/wp-json\/wp\/v2\/pages\/11"}],"collection":[{"href":"https:\/\/www.onluscosimobattiato.it\/onlus\/wp-json\/wp\/v2\/pages"}],"about":[{"href":"https:\/\/www.onluscosimobattiato.it\/onlus\/wp-json\/wp\/v2\/types\/page"}],"author":[{"embeddable":true,"href":"https:\/\/www.onluscosimobattiato.it\/onlus\/wp-json\/wp\/v2\/users\/1"}],"replies":[{"embeddable":true,"href":"https:\/\/www.onluscosimobattiato.it\/onlus\/wp-json\/wp\/v2\/comments?post=11"}],"version-history":[{"count":15,"href":"https:\/\/www.onluscosimobattiato.it\/onlus\/wp-json\/wp\/v2\/pages\/11\/revisions"}],"predecessor-version":[{"id":941,"href":"https:\/\/www.onluscosimobattiato.it\/onlus\/wp-json\/wp\/v2\/pages\/11\/revisions\/941"}],"wp:attachment":[{"href":"https:\/\/www.onluscosimobattiato.it\/onlus\/wp-json\/wp\/v2\/media?parent=11"}],"curies":[{"name":"wp","href":"https:\/\/api.w.org\/{rel}","templated":true}]}}