{"id":14,"date":"2018-02-14T10:58:44","date_gmt":"2018-02-14T09:58:44","guid":{"rendered":"http:\/\/www.onluscosimobattiato.it\/onlus\/?page_id=14"},"modified":"2021-03-08T15:41:51","modified_gmt":"2021-03-08T14:41:51","slug":"diventa-socio","status":"publish","type":"page","link":"https:\/\/www.onluscosimobattiato.it\/onlus\/diventa-socio\/","title":{"rendered":"Diventa Socio"},"content":{"rendered":"<p>Puoi contribuire ai progetti dell\u2019Associazione diventando:<\/p>\n<ul>\n<li><strong>Socio sostenitore<\/strong> \u2013 sostiene l\u2019Associazione con un contributo annuo di 20 euro<\/li>\n<li><strong>Socio ordinario<\/strong> &#8211; partecipa attivamente alla vita dell\u2019Associazione ed offre la sua opera a titolo gratuito come volontario. La quota associativa \u00e8 di 15 euro annui. La domanda di iscrizione va inviata alla segreteria dell&#8217;Associazione <a href=\"mailto:%20segreteria@onluscosimobattiato.it\">segreteria@onluscosimobattiato.it<\/a>.<\/li>\n<\/ul>\n<p>Nello Statuto sono definiti i diritti e doveri del socio.<\/p>\n<p>La quota associativa pu\u00f2 essere versata sul c\/c intestato all\u2019Associazione Cosimo Battiato tramite:<\/p>\n<ul>\n<li>versamento su <strong>c\/c postale n. 8220677<\/strong><\/li>\n<li><strong>Bonifico <\/strong>codice&nbsp;IBAN&nbsp;<strong>IT 05 E 07601 03200 000008220677<\/strong><\/li>\n<\/ul>\n<p>Leggi lo <a href=\"http:\/\/www.onluscosimobattiato.it\/wp-content\/uploads\/2021\/02\/STATUTO-Associazione-Cosimo-Battiato_2019-2.pdf\">Statuto <\/a>dell&#8217;Associazione<\/p>\n<p><a href=\"http:\/\/www.onluscosimobattiato.it\/wp-content\/uploads\/2021\/03\/Domanda-iscrizione-socio-e-privacy.pdf\">Modulo<\/a> iscrizione Socio<\/p>\n\n\n<p><\/p>\n","protected":false},"excerpt":{"rendered":"<p>Puoi contribuire ai progetti dell\u2019Associazione diventando: Socio sostenitore \u2013 sostiene l\u2019Associazione con un contributo annuo di 20 euro Socio ordinario &#8211; partecipa attivamente alla vita dell\u2019Associazione ed offre la sua opera a titolo gratuito come volontario. La quota associativa \u00e8 di 15 euro annui. La domanda di iscrizione va inviata alla segreteria dell&#8217;Associazione segreteria@onluscosimobattiato.it. Nello [&hellip;]<\/p>\n","protected":false},"author":1,"featured_media":0,"parent":0,"menu_order":0,"comment_status":"closed","ping_status":"closed","template":"","meta":{"ngg_post_thumbnail":0,"spay_email":""},"jetpack_sharing_enabled":true,"jetpack_shortlink":"https:\/\/wp.me\/P9F40P-e","jetpack_likes_enabled":true,"jetpack-related-posts":[{"id":252,"url":"https:\/\/www.onluscosimobattiato.it\/onlus\/come-donare\/","url_meta":{"origin":14,"position":0},"title":"Come donare","date":"23 Aprile 2018","format":false,"excerpt":"Puoi sostenere i progetti dell'Associazione in diversi modi: con una donazione intestata all'Associazione Cosimo Battiato Onlus: \u00a0 \u00a0 \u00a0 \u00a0 \u00a0- c\/c postale n. 8220677 \u00a0 \u00a0 \u00a0 \u00a0 \u00a0- Bonifico codice IBAN IT 05 E 07601 03200 000008220677. Le donazioni a favore dell'Associazione Cosimo Battiato godono di benefici fiscali:\u2026","rel":"","context":"Articolo simile","img":{"alt_text":"","src":"https:\/\/i1.wp.com\/www.onluscosimobattiato.it\/wp-content\/uploads\/2018\/04\/5x1000-grande.png?resize=350%2C200","width":350,"height":200},"classes":[]},{"id":929,"url":"https:\/\/www.onluscosimobattiato.it\/onlus\/progetti-2023\/","url_meta":{"origin":14,"position":1},"title":"Progetti 2023","date":"30 Maggio 2024","format":false,"excerpt":"Nel 2023 abbiamo donato: ai ragazzi ciechi della scuola St.Lucy\u2019s School For The Blind in Kenia tavoli per giocare a pingpong ovvero SHOWDON. Lo showdown \u00e8 uno sport per ipovedenti e ciechi, Questo sport, largamente praticato a livello nazionale ed internazionale, si gioca in Europa, Asia, Africa, Nord e Sud\u2026","rel":"","context":"Articolo simile","img":{"alt_text":"","src":"","width":0,"height":0},"classes":[]},{"id":17,"url":"https:\/\/www.onluscosimobattiato.it\/onlus\/cosimo-battiato\/","url_meta":{"origin":14,"position":2},"title":"Cosimo Battiato","date":"14 Febbraio 2018","format":false,"excerpt":"Cosimo Battiato\u00a0\u00e8 nato a Lentini (CT) il 16 maggio 1964 e tornato al Padre il 31 luglio 2010 a causa del cancro.\u00a0Si \u00e8 trasferito a Roma dove ha studiato per diventare fisioterapista.\u00a0Nonostante fosse un ipovedente, ovvero aveva una capacit\u00e0 visiva molto ridotta rispetto al normale, ha vissuto pienamente. Oltre a\u2026","rel":"","context":"Articolo simile","img":{"alt_text":"","src":"","width":0,"height":0},"classes":[]},{"id":11,"url":"https:\/\/www.onluscosimobattiato.it\/onlus\/i-progetti\/","url_meta":{"origin":14,"position":3},"title":"I Progetti","date":"14 Febbraio 2018","format":false,"excerpt":"La vendita dei prodotti artigianali realizzati dai volontari, le donazioni elargite e il contributo del 5x1000 ci consentono di rinnovare ogni anno l\u2019adozione di 2 ragazzi che vivono in Ruanda, adottare un bambino significa aiutarlo ad andare a scuola, avere cure mediche e medicine ogni qual volta ne avr\u00e0 bisogno,\u2026","rel":"","context":"Articolo simile","img":{"alt_text":"","src":"","width":0,"height":0},"classes":[]},{"id":135,"url":"https:\/\/www.onluscosimobattiato.it\/onlus\/le-nostre-creazioni\/","url_meta":{"origin":14,"position":4},"title":"Le nostre creazioni","date":"13 Marzo 2018","format":false,"excerpt":"La principale fonte di raccolta fondi per mantenere le adozioni e realizzare i progetti \u00e8 la vendita di prodotti realizzati a mano dai volontari. Se sei interessato ad acquistare alcuni dei lavori che realizziamo scrivi a segreteria@onluscosimobattiato.it In Pupazzi puoi trovare riproduzioni di animali e bambole, in Piantine le meravigliose\u2026","rel":"","context":"Articolo simile","img":{"alt_text":"","src":"","width":0,"height":0},"classes":[]},{"id":20,"url":"https:\/\/www.onluscosimobattiato.it\/onlus\/chi-siamo\/","url_meta":{"origin":14,"position":5},"title":"Chi siamo","date":"14 Febbraio 2018","format":false,"excerpt":"L'Associazione \u00e8 una organizzazione non lucrativa di solidariet\u00e0 sociale il cui scopo principale \u00e8 la solidariet\u00e0 sociale verso tutte le persone svantaggiate in ragione di condizioni fisiche, economiche e familiari. L\u2019Associazione \u00e8 stata costituita il 21 dicembre 2010 per ricordare l\u2019opera di amore verso i pi\u00f9 bisognosi da parte di\u2026","rel":"","context":"Articolo simile","img":{"alt_text":"","src":"","width":0,"height":0},"classes":[]}],"_links":{"self":[{"href":"https:\/\/www.onluscosimobattiato.it\/onlus\/wp-json\/wp\/v2\/pages\/14"}],"collection":[{"href":"https:\/\/www.onluscosimobattiato.it\/onlus\/wp-json\/wp\/v2\/pages"}],"about":[{"href":"https:\/\/www.onluscosimobattiato.it\/onlus\/wp-json\/wp\/v2\/types\/page"}],"author":[{"embeddable":true,"href":"https:\/\/www.onluscosimobattiato.it\/onlus\/wp-json\/wp\/v2\/users\/1"}],"replies":[{"embeddable":true,"href":"https:\/\/www.onluscosimobattiato.it\/onlus\/wp-json\/wp\/v2\/comments?post=14"}],"version-history":[{"count":14,"href":"https:\/\/www.onluscosimobattiato.it\/onlus\/wp-json\/wp\/v2\/pages\/14\/revisions"}],"predecessor-version":[{"id":555,"href":"https:\/\/www.onluscosimobattiato.it\/onlus\/wp-json\/wp\/v2\/pages\/14\/revisions\/555"}],"wp:attachment":[{"href":"https:\/\/www.onluscosimobattiato.it\/onlus\/wp-json\/wp\/v2\/media?parent=14"}],"curies":[{"name":"wp","href":"https:\/\/api.w.org\/{rel}","templated":true}]}}