{"id":20,"date":"2018-02-14T11:04:21","date_gmt":"2018-02-14T10:04:21","guid":{"rendered":"http:\/\/www.onluscosimobattiato.it\/onlus\/?page_id=20"},"modified":"2021-03-08T15:44:43","modified_gmt":"2021-03-08T14:44:43","slug":"chi-siamo","status":"publish","type":"page","link":"https:\/\/www.onluscosimobattiato.it\/onlus\/chi-siamo\/","title":{"rendered":"Chi siamo"},"content":{"rendered":"<p>L&#8217;Associazione \u00e8 una organizzazione non lucrativa di solidariet\u00e0 sociale (ONLUS) il cui scopo principale \u00e8 la solidariet\u00e0 sociale verso tutte le persone svantaggiate in ragione di condizioni fisiche, economiche e familiari.<\/p>\n<p>L\u2019Associazione <strong>\u00e8 stata costituita il 21 dicembre 2010<\/strong> per ricordare l\u2019opera di amore verso i pi\u00f9 bisognosi da parte di Cosimo Battiato che a 45 anni a causa di un tumore \u00e8 tornato al Padre.<\/p>\n<p>L\u2019Associazione <strong>sostiene i pi\u00f9 deboli<\/strong> in particolare i bambini, in qualsiasi parte del mondo, che sono soli, che sono stati abbandonati, che appartengono a famiglie povere, che hanno difficolta fisiche. Vogliamo sostenerli attraverso una adeguata istruzione per donargli un futuro ed aiutarli a trovare la propria collocazione nella vita sociale.<\/p>\n<p>Desideriamo facilitare la vita di bambini, ragazzi e persone cieche, sorde, menomate fisicamente donando quegli strumenti che possono aiutarli a studiare, comunicare, muoversi autonomamente. Attraverso specifici progetti <strong>l\u2019Associazione acquista e dona: bastoni per ciechi, carte geografiche in braille, dattilo braille, occhiali, protesi acustiche, carrozzelle per disabili. <\/strong><\/p>\n<p>Sosteniamo progetti di altre Associazioni e realizziamo <strong>progetti che consentano di migliorare la qualit\u00e0 della vita di bambini e ragazzi disabili<\/strong> e di farli vivere in modo dignitoso.<\/p>\n<p><strong>Sosteniamo donne e ragazzi ad avviare attivit\u00e0 lavorative<\/strong> donando gli strumenti necessari come forni, macchine da cucire o caprette e altri animali per avviare un allevamento.<\/p>\n<p>Siamo una piccola Associazione che dona con amore\ud83d\ude0a<\/p>\n<p>Guarda i nostri <a href=\"http:\/\/www.onluscosimobattiato.it\/onlus\/i-progetti\/\">progetti<\/a><\/p>\n<p>&nbsp;&nbsp;<a href=\"http:\/\/www.onluscosimobattiato.it\/wp-content\/uploads\/2021\/02\/STATUTO-Associazione-Cosimo-Battiato_2019.pdf\">Scarica il nostro Statuto<\/a><\/p>\n\n\n<p><\/p>\n","protected":false},"excerpt":{"rendered":"<p>L&#8217;Associazione \u00e8 una organizzazione non lucrativa di solidariet\u00e0 sociale (ONLUS) il cui scopo principale \u00e8 la solidariet\u00e0 sociale verso tutte le persone svantaggiate in ragione di condizioni fisiche, economiche e familiari. L\u2019Associazione \u00e8 stata costituita il 21 dicembre 2010 per ricordare l\u2019opera di amore verso i pi\u00f9 bisognosi da parte di Cosimo Battiato che a [&hellip;]<\/p>\n","protected":false},"author":1,"featured_media":0,"parent":0,"menu_order":0,"comment_status":"closed","ping_status":"closed","template":"","meta":{"ngg_post_thumbnail":0,"spay_email":""},"jetpack_sharing_enabled":true,"jetpack_shortlink":"https:\/\/wp.me\/P9F40P-k","jetpack_likes_enabled":true,"jetpack-related-posts":[{"id":17,"url":"https:\/\/www.onluscosimobattiato.it\/onlus\/cosimo-battiato\/","url_meta":{"origin":20,"position":0},"title":"Cosimo Battiato","date":"14 Febbraio 2018","format":false,"excerpt":"Cosimo Battiato\u00a0\u00e8 nato a Lentini (CT) il 16 maggio 1964 e tornato al Padre il 31 luglio 2010 a causa del cancro.\u00a0Si \u00e8 trasferito a Roma dove ha studiato per diventare fisioterapista.\u00a0Nonostante fosse un ipovedente, ovvero aveva una capacit\u00e0 visiva molto ridotta rispetto al normale, ha vissuto pienamente. Oltre a\u2026","rel":"","context":"Articolo simile","img":{"alt_text":"","src":"","width":0,"height":0},"classes":[]},{"id":853,"url":"https:\/\/www.onluscosimobattiato.it\/onlus\/progetti-2022\/","url_meta":{"origin":20,"position":1},"title":"Progetti 2022","date":"14 Ottobre 2023","format":false,"excerpt":"Nonostante le difficolt\u00e0 burocratiche siamo riusciti a donare due macchine da scrivere in braille alla scuola St.Lucy\u2019s School For The Blind in Kenia frequentata da circa 200 bambini ciechi. Il linguaggio braille \u00e8 l\u2019unico che consente alle persone cieche di scrivere e leggere qualsiasi tipo di testo dai libri alle\u2026","rel":"","context":"Articolo simile","img":{"alt_text":"","src":"","width":0,"height":0},"classes":[]},{"id":533,"url":"https:\/\/www.onluscosimobattiato.it\/onlus\/progetti-2020\/","url_meta":{"origin":20,"position":2},"title":"Progetti 2020","date":"5 Marzo 2021","format":false,"excerpt":"In questo anno, la pandemia ha limitato la possibilit\u00e0 di realizzare mercatini domenicali, principale mezzo per raccogliere fondi, ma l\u2019Associazione Cosimo Battiato non ha mai smesso di sostenere coloro che ci chiedono un aiuto. Alla casa-famiglia \u2018La Casa della Mamma\u2019 di Roma, che accoglie giovani madri con i loro bambini\u2026","rel":"","context":"Articolo simile","img":{"alt_text":"","src":"","width":0,"height":0},"classes":[]},{"id":535,"url":"https:\/\/www.onluscosimobattiato.it\/onlus\/progetti-2019\/","url_meta":{"origin":20,"position":3},"title":"Progetti 2019","date":"5 Marzo 2021","format":false,"excerpt":"Abbiamo partecipato al progetto \u2018Alimentazione\u2019, segnalato dalla nostra amica Serena. Il progetto promuove l\u2019educazione, la formazione professionale e una alimentazione adeguata a 97 bambini che vivono e studiano presso il Centro di Accoglienza \u2018Lar nova Esperenca\u2019 nella citt\u00e0 di Matola in Monzabico. L\u2019amica Tela ci ha segnalato questi due progetti\u2026","rel":"","context":"Articolo simile","img":{"alt_text":"","src":"https:\/\/i2.wp.com\/www.onluscosimobattiato.it\/wp-content\/uploads\/2021\/03\/PHOTO-2019-03-31-14-16-16.jpg?resize=350%2C200&ssl=1","width":350,"height":200},"classes":[]},{"id":537,"url":"https:\/\/www.onluscosimobattiato.it\/onlus\/progetti-2017\/","url_meta":{"origin":20,"position":4},"title":"Progetti 2017","date":"5 Marzo 2021","format":false,"excerpt":"Il Villaggio del Sorriso \u00e8 una struttura che accoglie attualmente 35 bambini abbandonati, sfruttati e orfani dando loro un valido accompagnamento, una concreta possibilit\u00e0 di recupero ed un loro futuro reinserimento sociale. La struttura nasce a sud del Togo, nel villaggio di D\u00e8v\u00e8go, situato a circa 30 km dalla capitale\u2026","rel":"","context":"Articolo simile","img":{"alt_text":"","src":"","width":0,"height":0},"classes":[]},{"id":541,"url":"https:\/\/www.onluscosimobattiato.it\/onlus\/progetti-2011-2015\/","url_meta":{"origin":20,"position":5},"title":"Progetti 2011-2015","date":"5 Marzo 2021","format":false,"excerpt":"2015 Donato 2 dattilo braille alla scuola Lira in UgandaAcquistato per Jacob, ragazzo cieco-sordo che vive in Kenia 2 caprette per avviare un allevamentoAcquistato per una ragazza cieca che vive in Kenia un forno e gli accessori per produrre il pane ed avviare un\u2019attivit\u00e0 lavorativa 2014 Donazione di 30 bastoni\u2026","rel":"","context":"Articolo simile","img":{"alt_text":"","src":"","width":0,"height":0},"classes":[]}],"_links":{"self":[{"href":"https:\/\/www.onluscosimobattiato.it\/onlus\/wp-json\/wp\/v2\/pages\/20"}],"collection":[{"href":"https:\/\/www.onluscosimobattiato.it\/onlus\/wp-json\/wp\/v2\/pages"}],"about":[{"href":"https:\/\/www.onluscosimobattiato.it\/onlus\/wp-json\/wp\/v2\/types\/page"}],"author":[{"embeddable":true,"href":"https:\/\/www.onluscosimobattiato.it\/onlus\/wp-json\/wp\/v2\/users\/1"}],"replies":[{"embeddable":true,"href":"https:\/\/www.onluscosimobattiato.it\/onlus\/wp-json\/wp\/v2\/comments?post=20"}],"version-history":[{"count":4,"href":"https:\/\/www.onluscosimobattiato.it\/onlus\/wp-json\/wp\/v2\/pages\/20\/revisions"}],"predecessor-version":[{"id":556,"href":"https:\/\/www.onluscosimobattiato.it\/onlus\/wp-json\/wp\/v2\/pages\/20\/revisions\/556"}],"wp:attachment":[{"href":"https:\/\/www.onluscosimobattiato.it\/onlus\/wp-json\/wp\/v2\/media?parent=20"}],"curies":[{"name":"wp","href":"https:\/\/api.w.org\/{rel}","templated":true}]}}