{"id":252,"date":"2018-04-23T10:00:49","date_gmt":"2018-04-23T08:00:49","guid":{"rendered":"http:\/\/www.onluscosimobattiato.it\/onlus\/?page_id=252"},"modified":"2026-04-20T11:13:42","modified_gmt":"2026-04-20T09:13:42","slug":"come-donare","status":"publish","type":"page","link":"https:\/\/www.onluscosimobattiato.it\/onlus\/come-donare\/","title":{"rendered":"Come donare"},"content":{"rendered":"<p><img data-attachment-id=\"245\" data-permalink=\"https:\/\/www.onluscosimobattiato.it\/onlus\/come-donare\/5x1000-grande\/\" data-orig-file=\"https:\/\/i1.wp.com\/www.onluscosimobattiato.it\/wp-content\/uploads\/2018\/04\/5x1000-grande.png?fit=200%2C257&amp;ssl=1\" data-orig-size=\"200,257\" data-comments-opened=\"0\" data-image-meta=\"{&quot;aperture&quot;:&quot;0&quot;,&quot;credit&quot;:&quot;&quot;,&quot;camera&quot;:&quot;&quot;,&quot;caption&quot;:&quot;&quot;,&quot;created_timestamp&quot;:&quot;0&quot;,&quot;copyright&quot;:&quot;&quot;,&quot;focal_length&quot;:&quot;0&quot;,&quot;iso&quot;:&quot;0&quot;,&quot;shutter_speed&quot;:&quot;0&quot;,&quot;title&quot;:&quot;&quot;,&quot;orientation&quot;:&quot;0&quot;}\" data-image-title=\"5&#215;1000-grande\" data-image-description=\"\" data-medium-file=\"https:\/\/i1.wp.com\/www.onluscosimobattiato.it\/wp-content\/uploads\/2018\/04\/5x1000-grande.png?fit=200%2C257&amp;ssl=1\" data-large-file=\"https:\/\/i1.wp.com\/www.onluscosimobattiato.it\/wp-content\/uploads\/2018\/04\/5x1000-grande.png?fit=200%2C257&amp;ssl=1\" loading=\"lazy\" class=\"aligncenter size-full wp-image-245\" src=\"https:\/\/i1.wp.com\/www.onluscosimobattiato.it\/wp-content\/uploads\/2018\/04\/5x1000-grande.png?resize=200%2C257\" alt=\"\" width=\"200\" height=\"257\"  data-recalc-dims=\"1\">Puoi sostenere i progetti dell&#8217;Associazione in diversi modi:<\/p>\n<ul>\n<li>\n<p>con <strong>una donazione<\/strong> intestata all&#8217;Associazione Cosimo Battiato Onlus:<\/p>\n<\/li>\n<\/ul>\n<p>&nbsp; &nbsp; &nbsp; &nbsp; &nbsp;&#8211; <strong>c\/c postale n. 8220677<\/strong><\/p>\n<p><strong>&nbsp; &nbsp; &nbsp; &nbsp; &nbsp;&#8211; Bonifico<\/strong> codice <strong>IBAN<\/strong> <strong>IT 05 E 07601 03200 000008220677<\/strong>.<\/p>\n<p><em>Le donazioni a favore dell&#8217;Associazione Cosimo Battiato godono di benefici fiscali: sono deducibili o detraibili nella dichiarazione dei redditi conserva quindi la ricevuta del versamento.<\/em><\/p>\n<ul>\n<li>con il tuo <strong>5X1000<\/strong>, puoi devolvere il 5X1000 all&#8217;Associazione Cosimo Battiato. Per farlo \u00e8 sufficiente inserire il nostro <strong>Codice Fiscale 97631480585<\/strong> sulla dichiarazione dei redditi nel riquadro dedicato alle agli Enti del Terzo Settore iscritti nel RUNTS.<\/li>\n<li>acquistando <a href=\"http:\/\/www.onluscosimobattiato.it\/onlus\/le-nostre-creazioni\/\">le nostre creazioni<\/a> realizzate a mano dai volontari&nbsp;<\/li>\n<\/ul>\n\n\n<p><\/p>\n","protected":false},"excerpt":{"rendered":"<p>Puoi sostenere i progetti dell&#8217;Associazione in diversi modi: con una donazione intestata all&#8217;Associazione Cosimo Battiato Onlus: &nbsp; &nbsp; &nbsp; &nbsp; &nbsp;&#8211; c\/c postale n. 8220677 &nbsp; &nbsp; &nbsp; &nbsp; &nbsp;&#8211; Bonifico codice IBAN IT 05 E 07601 03200 000008220677. Le donazioni a favore dell&#8217;Associazione Cosimo Battiato godono di benefici fiscali: sono deducibili o detraibili nella [&hellip;]<\/p>\n","protected":false},"author":1,"featured_media":0,"parent":0,"menu_order":0,"comment_status":"closed","ping_status":"closed","template":"","meta":{"ngg_post_thumbnail":0,"spay_email":""},"jetpack_sharing_enabled":true,"jetpack_shortlink":"https:\/\/wp.me\/P9F40P-44","jetpack_likes_enabled":true,"jetpack-related-posts":[{"id":11,"url":"https:\/\/www.onluscosimobattiato.it\/onlus\/i-progetti\/","url_meta":{"origin":252,"position":0},"title":"I Progetti","date":"14 Febbraio 2018","format":false,"excerpt":"La vendita dei prodotti artigianali realizzati dai volontari, le donazioni elargite e il contributo del 5x1000 ci consentono di rinnovare ogni anno l\u2019adozione di 2 ragazzi che vivono in Ruanda, adottare un bambino significa aiutarlo ad andare a scuola, avere cure mediche e medicine ogni qual volta ne avr\u00e0 bisogno,\u2026","rel":"","context":"Articolo simile","img":{"alt_text":"","src":"","width":0,"height":0},"classes":[]},{"id":14,"url":"https:\/\/www.onluscosimobattiato.it\/onlus\/diventa-socio\/","url_meta":{"origin":252,"position":1},"title":"Diventa Socio","date":"14 Febbraio 2018","format":false,"excerpt":"Puoi contribuire ai progetti dell\u2019Associazione diventando: Socio sostenitore \u2013 sostiene l\u2019Associazione con un contributo annuo di 20 euro Socio ordinario - partecipa attivamente alla vita dell\u2019Associazione ed offre la sua opera a titolo gratuito come volontario. La quota associativa \u00e8 di 15 euro annui. La domanda di iscrizione va inviata\u2026","rel":"","context":"Articolo simile","img":{"alt_text":"","src":"","width":0,"height":0},"classes":[]},{"id":17,"url":"https:\/\/www.onluscosimobattiato.it\/onlus\/cosimo-battiato\/","url_meta":{"origin":252,"position":2},"title":"Cosimo Battiato","date":"14 Febbraio 2018","format":false,"excerpt":"Cosimo Battiato\u00a0\u00e8 nato a Lentini (CT) il 16 maggio 1964 e tornato al Padre il 31 luglio 2010 a causa del cancro.\u00a0Si \u00e8 trasferito a Roma dove ha studiato per diventare fisioterapista.\u00a0Nonostante fosse un ipovedente, ovvero aveva una capacit\u00e0 visiva molto ridotta rispetto al normale, ha vissuto pienamente. Oltre a\u2026","rel":"","context":"Articolo simile","img":{"alt_text":"","src":"","width":0,"height":0},"classes":[]},{"id":533,"url":"https:\/\/www.onluscosimobattiato.it\/onlus\/progetti-2020\/","url_meta":{"origin":252,"position":3},"title":"Progetti 2020","date":"5 Marzo 2021","format":false,"excerpt":"In questo anno, la pandemia ha limitato la possibilit\u00e0 di realizzare mercatini domenicali, principale mezzo per raccogliere fondi, ma l\u2019Associazione Cosimo Battiato non ha mai smesso di sostenere coloro che ci chiedono un aiuto. Alla casa-famiglia \u2018La Casa della Mamma\u2019 di Roma, che accoglie giovani madri con i loro bambini\u2026","rel":"","context":"Articolo simile","img":{"alt_text":"","src":"","width":0,"height":0},"classes":[]},{"id":20,"url":"https:\/\/www.onluscosimobattiato.it\/onlus\/chi-siamo\/","url_meta":{"origin":252,"position":4},"title":"Chi siamo","date":"14 Febbraio 2018","format":false,"excerpt":"L'Associazione \u00e8 una organizzazione non lucrativa di solidariet\u00e0 sociale il cui scopo principale \u00e8 la solidariet\u00e0 sociale verso tutte le persone svantaggiate in ragione di condizioni fisiche, economiche e familiari. L\u2019Associazione \u00e8 stata costituita il 21 dicembre 2010 per ricordare l\u2019opera di amore verso i pi\u00f9 bisognosi da parte di\u2026","rel":"","context":"Articolo simile","img":{"alt_text":"","src":"","width":0,"height":0},"classes":[]},{"id":537,"url":"https:\/\/www.onluscosimobattiato.it\/onlus\/progetti-2017\/","url_meta":{"origin":252,"position":5},"title":"Progetti 2017","date":"5 Marzo 2021","format":false,"excerpt":"Il Villaggio del Sorriso \u00e8 una struttura che accoglie attualmente 35 bambini abbandonati, sfruttati e orfani dando loro un valido accompagnamento, una concreta possibilit\u00e0 di recupero ed un loro futuro reinserimento sociale. La struttura nasce a sud del Togo, nel villaggio di D\u00e8v\u00e8go, situato a circa 30 km dalla capitale\u2026","rel":"","context":"Articolo simile","img":{"alt_text":"","src":"","width":0,"height":0},"classes":[]}],"_links":{"self":[{"href":"https:\/\/www.onluscosimobattiato.it\/onlus\/wp-json\/wp\/v2\/pages\/252"}],"collection":[{"href":"https:\/\/www.onluscosimobattiato.it\/onlus\/wp-json\/wp\/v2\/pages"}],"about":[{"href":"https:\/\/www.onluscosimobattiato.it\/onlus\/wp-json\/wp\/v2\/types\/page"}],"author":[{"embeddable":true,"href":"https:\/\/www.onluscosimobattiato.it\/onlus\/wp-json\/wp\/v2\/users\/1"}],"replies":[{"embeddable":true,"href":"https:\/\/www.onluscosimobattiato.it\/onlus\/wp-json\/wp\/v2\/comments?post=252"}],"version-history":[{"count":8,"href":"https:\/\/www.onluscosimobattiato.it\/onlus\/wp-json\/wp\/v2\/pages\/252\/revisions"}],"predecessor-version":[{"id":977,"href":"https:\/\/www.onluscosimobattiato.it\/onlus\/wp-json\/wp\/v2\/pages\/252\/revisions\/977"}],"wp:attachment":[{"href":"https:\/\/www.onluscosimobattiato.it\/onlus\/wp-json\/wp\/v2\/media?parent=252"}],"curies":[{"name":"wp","href":"https:\/\/api.w.org\/{rel}","templated":true}]}}