{"id":508,"date":"2021-02-23T10:01:47","date_gmt":"2021-02-23T09:01:47","guid":{"rendered":"http:\/\/www.onluscosimobattiato.it\/onlus\/?page_id=508"},"modified":"2021-03-05T20:47:58","modified_gmt":"2021-03-05T19:47:58","slug":"progetti-2018","status":"publish","type":"page","link":"https:\/\/www.onluscosimobattiato.it\/onlus\/progetti-2018\/","title":{"rendered":"Progetti 2018"},"content":{"rendered":"\n<p><strong>Thomas vive in Kenia, \u00e8&nbsp;un ragazzo cieco con un residuo uditivo limitatissimo<\/strong>. Ha frequentato la scuola superiore per ciechi ed ora \u00e8 stato ammesso ad un College dove conseguir\u00e0 il diploma di insegnante. Purtroppo, Thomas non potr\u00e0 mai insegnare anche se \u00e8 intelligente e volonteroso, se non sar\u00e0 in grado di comunicare con gli studenti. Il Lions Hospital di Nairobi ha assicurato di essere in grado di preparare per lui un apparecchio acustico che potr\u00e0 aiutarlo moltissimo. Il problema \u00e8 che la famiglia di Thomas non \u00e8 assolutamente in grado di affrontare il costo di tale apparecchio circa mille euro. Un non vedente sordo \u00e8 completamente isolato. Abbiamo <strong>donato a Thomas i soldi necessari per acquistare l\u2019apparecchio acustico e poter costruire il suo futuro<\/strong>.<\/p>\n\n\n\n<p>In Italia abbiamo donato pannolini alla casa-famiglia \u2018La Casa della Mamma\u2019 di Roma e materiale didattico: penne, quaderni, colori, cartoncini, pennarelli all\u2019Associazione Moncenisio di Roma<\/p>\n","protected":false},"excerpt":{"rendered":"<p>Thomas vive in Kenia, \u00e8&nbsp;un ragazzo cieco con un residuo uditivo limitatissimo. Ha frequentato la scuola superiore per ciechi ed ora \u00e8 stato ammesso ad un College dove conseguir\u00e0 il diploma di insegnante. Purtroppo, Thomas non potr\u00e0 mai insegnare anche se \u00e8 intelligente e volonteroso, se non sar\u00e0 in grado di comunicare con gli studenti. [&hellip;]<\/p>\n","protected":false},"author":2,"featured_media":0,"parent":0,"menu_order":0,"comment_status":"closed","ping_status":"closed","template":"","meta":{"ngg_post_thumbnail":0,"spay_email":""},"jetpack_sharing_enabled":true,"jetpack_shortlink":"https:\/\/wp.me\/P9F40P-8c","jetpack_likes_enabled":true,"jetpack-related-posts":[{"id":539,"url":"https:\/\/www.onluscosimobattiato.it\/onlus\/progetti-2016\/","url_meta":{"origin":508,"position":0},"title":"Progetti 2016","date":"5 Marzo 2021","format":false,"excerpt":"La nostra amica Nucci ci ha segnalato 2 progetti: Winfred Alcuni ragazzi che vivono in Kenia avrebbero bisogno di carrozzine per disabili per potersi muovere in autonomia: Winfred una ragazza con residuo visivo limitatissimo con gravi problemi di deambulazione. Ha imparato a lavorare a maglia con la macchina di maglieria\u2026","rel":"","context":"Articolo simile","img":{"alt_text":"","src":"https:\/\/i2.wp.com\/www.onluscosimobattiato.it\/wp-content\/uploads\/2021\/03\/carrozzina.png?resize=350%2C200&ssl=1","width":350,"height":200},"classes":[]},{"id":537,"url":"https:\/\/www.onluscosimobattiato.it\/onlus\/progetti-2017\/","url_meta":{"origin":508,"position":1},"title":"Progetti 2017","date":"5 Marzo 2021","format":false,"excerpt":"Il Villaggio del Sorriso \u00e8 una struttura che accoglie attualmente 35 bambini abbandonati, sfruttati e orfani dando loro un valido accompagnamento, una concreta possibilit\u00e0 di recupero ed un loro futuro reinserimento sociale. La struttura nasce a sud del Togo, nel villaggio di D\u00e8v\u00e8go, situato a circa 30 km dalla capitale\u2026","rel":"","context":"Articolo simile","img":{"alt_text":"","src":"","width":0,"height":0},"classes":[]},{"id":938,"url":"https:\/\/www.onluscosimobattiato.it\/onlus\/progetti-2024\/","url_meta":{"origin":508,"position":2},"title":"Progetti 2024","date":"10 Aprile 2025","format":false,"excerpt":"Nel 2024 abbiamo donato: una macchina di maglieria\u00a0e relativa attrezzatura ad una ragazza cieca che ha frequentato il corso di maglieria all\u2019Irene Vocational Centre for Blind Girls in Kenia.sacchi a pelo per i rifugiati\u00a0della rotta balcanica con l\u2019aiuto della Comunit\u00e0 di San Martino al Campo di Triesteai ragazzi dell\u2019Agricoltura di\u2026","rel":"","context":"Articolo simile","img":{"alt_text":"","src":"","width":0,"height":0},"classes":[]},{"id":533,"url":"https:\/\/www.onluscosimobattiato.it\/onlus\/progetti-2020\/","url_meta":{"origin":508,"position":3},"title":"Progetti 2020","date":"5 Marzo 2021","format":false,"excerpt":"In questo anno, la pandemia ha limitato la possibilit\u00e0 di realizzare mercatini domenicali, principale mezzo per raccogliere fondi, ma l\u2019Associazione Cosimo Battiato non ha mai smesso di sostenere coloro che ci chiedono un aiuto. Alla casa-famiglia \u2018La Casa della Mamma\u2019 di Roma, che accoglie giovani madri con i loro bambini\u2026","rel":"","context":"Articolo simile","img":{"alt_text":"","src":"","width":0,"height":0},"classes":[]},{"id":535,"url":"https:\/\/www.onluscosimobattiato.it\/onlus\/progetti-2019\/","url_meta":{"origin":508,"position":4},"title":"Progetti 2019","date":"5 Marzo 2021","format":false,"excerpt":"Abbiamo partecipato al progetto \u2018Alimentazione\u2019, segnalato dalla nostra amica Serena. Il progetto promuove l\u2019educazione, la formazione professionale e una alimentazione adeguata a 97 bambini che vivono e studiano presso il Centro di Accoglienza \u2018Lar nova Esperenca\u2019 nella citt\u00e0 di Matola in Monzabico. L\u2019amica Tela ci ha segnalato questi due progetti\u2026","rel":"","context":"Articolo simile","img":{"alt_text":"","src":"https:\/\/i2.wp.com\/www.onluscosimobattiato.it\/wp-content\/uploads\/2021\/03\/PHOTO-2019-03-31-14-16-16.jpg?resize=350%2C200&ssl=1","width":350,"height":200},"classes":[]},{"id":929,"url":"https:\/\/www.onluscosimobattiato.it\/onlus\/progetti-2023\/","url_meta":{"origin":508,"position":5},"title":"Progetti 2023","date":"30 Maggio 2024","format":false,"excerpt":"Nel 2023 abbiamo donato: ai ragazzi ciechi della scuola St.Lucy\u2019s School For The Blind in Kenia tavoli per giocare a pingpong ovvero SHOWDON. Lo showdown \u00e8 uno sport per ipovedenti e ciechi, Questo sport, largamente praticato a livello nazionale ed internazionale, si gioca in Europa, Asia, Africa, Nord e Sud\u2026","rel":"","context":"Articolo simile","img":{"alt_text":"","src":"","width":0,"height":0},"classes":[]}],"_links":{"self":[{"href":"https:\/\/www.onluscosimobattiato.it\/onlus\/wp-json\/wp\/v2\/pages\/508"}],"collection":[{"href":"https:\/\/www.onluscosimobattiato.it\/onlus\/wp-json\/wp\/v2\/pages"}],"about":[{"href":"https:\/\/www.onluscosimobattiato.it\/onlus\/wp-json\/wp\/v2\/types\/page"}],"author":[{"embeddable":true,"href":"https:\/\/www.onluscosimobattiato.it\/onlus\/wp-json\/wp\/v2\/users\/2"}],"replies":[{"embeddable":true,"href":"https:\/\/www.onluscosimobattiato.it\/onlus\/wp-json\/wp\/v2\/comments?post=508"}],"version-history":[{"count":2,"href":"https:\/\/www.onluscosimobattiato.it\/onlus\/wp-json\/wp\/v2\/pages\/508\/revisions"}],"predecessor-version":[{"id":532,"href":"https:\/\/www.onluscosimobattiato.it\/onlus\/wp-json\/wp\/v2\/pages\/508\/revisions\/532"}],"wp:attachment":[{"href":"https:\/\/www.onluscosimobattiato.it\/onlus\/wp-json\/wp\/v2\/media?parent=508"}],"curies":[{"name":"wp","href":"https:\/\/api.w.org\/{rel}","templated":true}]}}