{"id":533,"date":"2021-03-05T21:17:42","date_gmt":"2021-03-05T20:17:42","guid":{"rendered":"http:\/\/www.onluscosimobattiato.it\/onlus\/?page_id=533"},"modified":"2021-03-05T21:17:42","modified_gmt":"2021-03-05T20:17:42","slug":"progetti-2020","status":"publish","type":"page","link":"https:\/\/www.onluscosimobattiato.it\/onlus\/progetti-2020\/","title":{"rendered":"Progetti 2020"},"content":{"rendered":"\n<p>In questo anno, la pandemia ha limitato la possibilit\u00e0 di realizzare mercatini domenicali, principale mezzo per raccogliere fondi, ma l\u2019Associazione Cosimo Battiato non ha mai smesso di sostenere coloro che ci chiedono un aiuto.<\/p>\n\n\n\n<p>Alla <strong>casa-famiglia \u2018La Casa della Mamma\u2019<\/strong> di Roma, che accoglie giovani madri con i loro bambini e le aiuta a far crescere i propri figli e costruire insieme un futuro, abbiamo <strong>donato confezioni di pannolini<\/strong> per i piccoli che risiedono in essa insieme alle loro mamme per un importo di circa 350 euro<\/p>\n\n\n\n<p>Per i bambini che vivono nelle <strong>case famiglie gestite dall\u2019Associazione Moncenisio<\/strong> di Roma abbiamo <strong>acquistato materiale didattico: penne, quaderni, colori, cartoncini, pennarelli<\/strong> per un importo poco superiore alle 400 euro<\/p>\n","protected":false},"excerpt":{"rendered":"<p>In questo anno, la pandemia ha limitato la possibilit\u00e0 di realizzare mercatini domenicali, principale mezzo per raccogliere fondi, ma l\u2019Associazione Cosimo Battiato non ha mai smesso di sostenere coloro che ci chiedono un aiuto. Alla casa-famiglia \u2018La Casa della Mamma\u2019 di Roma, che accoglie giovani madri con i loro bambini e le aiuta a far [&hellip;]<\/p>\n","protected":false},"author":2,"featured_media":0,"parent":0,"menu_order":0,"comment_status":"closed","ping_status":"closed","template":"","meta":{"ngg_post_thumbnail":0,"spay_email":""},"jetpack_sharing_enabled":true,"jetpack_shortlink":"https:\/\/wp.me\/P9F40P-8B","jetpack_likes_enabled":true,"jetpack-related-posts":[{"id":537,"url":"https:\/\/www.onluscosimobattiato.it\/onlus\/progetti-2017\/","url_meta":{"origin":533,"position":0},"title":"Progetti 2017","date":"5 Marzo 2021","format":false,"excerpt":"Il Villaggio del Sorriso \u00e8 una struttura che accoglie attualmente 35 bambini abbandonati, sfruttati e orfani dando loro un valido accompagnamento, una concreta possibilit\u00e0 di recupero ed un loro futuro reinserimento sociale. La struttura nasce a sud del Togo, nel villaggio di D\u00e8v\u00e8go, situato a circa 30 km dalla capitale\u2026","rel":"","context":"Articolo simile","img":{"alt_text":"","src":"","width":0,"height":0},"classes":[]},{"id":535,"url":"https:\/\/www.onluscosimobattiato.it\/onlus\/progetti-2019\/","url_meta":{"origin":533,"position":1},"title":"Progetti 2019","date":"5 Marzo 2021","format":false,"excerpt":"Abbiamo partecipato al progetto \u2018Alimentazione\u2019, segnalato dalla nostra amica Serena. Il progetto promuove l\u2019educazione, la formazione professionale e una alimentazione adeguata a 97 bambini che vivono e studiano presso il Centro di Accoglienza \u2018Lar nova Esperenca\u2019 nella citt\u00e0 di Matola in Monzabico. L\u2019amica Tela ci ha segnalato questi due progetti\u2026","rel":"","context":"Articolo simile","img":{"alt_text":"","src":"https:\/\/i2.wp.com\/www.onluscosimobattiato.it\/wp-content\/uploads\/2021\/03\/PHOTO-2019-03-31-14-16-16.jpg?resize=350%2C200&ssl=1","width":350,"height":200},"classes":[]},{"id":853,"url":"https:\/\/www.onluscosimobattiato.it\/onlus\/progetti-2022\/","url_meta":{"origin":533,"position":2},"title":"Progetti 2022","date":"14 Ottobre 2023","format":false,"excerpt":"Nonostante le difficolt\u00e0 burocratiche siamo riusciti a donare due macchine da scrivere in braille alla scuola St.Lucy\u2019s School For The Blind in Kenia frequentata da circa 200 bambini ciechi. Il linguaggio braille \u00e8 l\u2019unico che consente alle persone cieche di scrivere e leggere qualsiasi tipo di testo dai libri alle\u2026","rel":"","context":"Articolo simile","img":{"alt_text":"","src":"","width":0,"height":0},"classes":[]},{"id":938,"url":"https:\/\/www.onluscosimobattiato.it\/onlus\/progetti-2024\/","url_meta":{"origin":533,"position":3},"title":"Progetti 2024","date":"10 Aprile 2025","format":false,"excerpt":"Nel 2024 abbiamo donato: una macchina di maglieria\u00a0e relativa attrezzatura ad una ragazza cieca che ha frequentato il corso di maglieria all\u2019Irene Vocational Centre for Blind Girls in Kenia.sacchi a pelo per i rifugiati\u00a0della rotta balcanica con l\u2019aiuto della Comunit\u00e0 di San Martino al Campo di Triesteai ragazzi dell\u2019Agricoltura di\u2026","rel":"","context":"Articolo simile","img":{"alt_text":"","src":"","width":0,"height":0},"classes":[]},{"id":508,"url":"https:\/\/www.onluscosimobattiato.it\/onlus\/progetti-2018\/","url_meta":{"origin":533,"position":4},"title":"Progetti 2018","date":"23 Febbraio 2021","format":false,"excerpt":"Thomas vive in Kenia, \u00e8\u00a0un ragazzo cieco con un residuo uditivo limitatissimo. Ha frequentato la scuola superiore per ciechi ed ora \u00e8 stato ammesso ad un College dove conseguir\u00e0 il diploma di insegnante. Purtroppo, Thomas non potr\u00e0 mai insegnare anche se \u00e8 intelligente e volonteroso, se non sar\u00e0 in grado\u2026","rel":"","context":"Articolo simile","img":{"alt_text":"","src":"","width":0,"height":0},"classes":[]},{"id":541,"url":"https:\/\/www.onluscosimobattiato.it\/onlus\/progetti-2011-2015\/","url_meta":{"origin":533,"position":5},"title":"Progetti 2011-2015","date":"5 Marzo 2021","format":false,"excerpt":"2015 Donato 2 dattilo braille alla scuola Lira in UgandaAcquistato per Jacob, ragazzo cieco-sordo che vive in Kenia 2 caprette per avviare un allevamentoAcquistato per una ragazza cieca che vive in Kenia un forno e gli accessori per produrre il pane ed avviare un\u2019attivit\u00e0 lavorativa 2014 Donazione di 30 bastoni\u2026","rel":"","context":"Articolo simile","img":{"alt_text":"","src":"","width":0,"height":0},"classes":[]}],"_links":{"self":[{"href":"https:\/\/www.onluscosimobattiato.it\/onlus\/wp-json\/wp\/v2\/pages\/533"}],"collection":[{"href":"https:\/\/www.onluscosimobattiato.it\/onlus\/wp-json\/wp\/v2\/pages"}],"about":[{"href":"https:\/\/www.onluscosimobattiato.it\/onlus\/wp-json\/wp\/v2\/types\/page"}],"author":[{"embeddable":true,"href":"https:\/\/www.onluscosimobattiato.it\/onlus\/wp-json\/wp\/v2\/users\/2"}],"replies":[{"embeddable":true,"href":"https:\/\/www.onluscosimobattiato.it\/onlus\/wp-json\/wp\/v2\/comments?post=533"}],"version-history":[{"count":1,"href":"https:\/\/www.onluscosimobattiato.it\/onlus\/wp-json\/wp\/v2\/pages\/533\/revisions"}],"predecessor-version":[{"id":534,"href":"https:\/\/www.onluscosimobattiato.it\/onlus\/wp-json\/wp\/v2\/pages\/533\/revisions\/534"}],"wp:attachment":[{"href":"https:\/\/www.onluscosimobattiato.it\/onlus\/wp-json\/wp\/v2\/media?parent=533"}],"curies":[{"name":"wp","href":"https:\/\/api.w.org\/{rel}","templated":true}]}}