{"id":790,"date":"2022-04-30T11:00:00","date_gmt":"2022-04-30T09:00:00","guid":{"rendered":"http:\/\/www.onluscosimobattiato.it\/onlus\/?page_id=790"},"modified":"2022-05-08T11:14:15","modified_gmt":"2022-05-08T09:14:15","slug":"progetti-2021","status":"publish","type":"page","link":"https:\/\/www.onluscosimobattiato.it\/onlus\/progetti-2021\/","title":{"rendered":"Progetti 2021"},"content":{"rendered":"\n<p>Finalmente da settembre 2021 \u00e8 stato possibile realizzare i mercatini domenicali che ci consentono di raccogliere fondi per i progetti.<\/p>\n\n\n\n<ol type=\"1\"><li>Con i vostri contributi abbiamo sostenuto <strong>Cesar un giovane cieco dalla nascita di 16 anni autistico che vive in Costa Rica.<\/strong> Cesar ha imparato a camminare da solo con l\u2019ausilio del bastone e frequenta con assiduit\u00e0 le lezioni scolastiche. Per la prima volta ha festeggiato il suo compleanno mangiando hamburger e patatine. Cesar vi ringrazia di cuore<\/li><li><strong>Abbiamo acquistato lettini, materassi, coperte e lenzuola per 15 ragazzi che studiano e vivono presso la scuola St.Lucy\u2019s School For The Blind in Kenia<\/strong><\/li><\/ol>\n\n\n\n<p><\/p>\n","protected":false},"excerpt":{"rendered":"<p>Finalmente da settembre 2021 \u00e8 stato possibile realizzare i mercatini domenicali che ci consentono di raccogliere fondi per i progetti. Con i vostri contributi abbiamo sostenuto Cesar un giovane cieco dalla nascita di 16 anni autistico che vive in Costa Rica. Cesar ha imparato a camminare da solo con l\u2019ausilio del bastone e frequenta con [&hellip;]<\/p>\n","protected":false},"author":1,"featured_media":0,"parent":0,"menu_order":0,"comment_status":"closed","ping_status":"closed","template":"","meta":{"ngg_post_thumbnail":0,"spay_email":""},"jetpack_sharing_enabled":true,"jetpack_shortlink":"https:\/\/wp.me\/P9F40P-cK","jetpack_likes_enabled":true,"jetpack-related-posts":[{"id":539,"url":"https:\/\/www.onluscosimobattiato.it\/onlus\/progetti-2016\/","url_meta":{"origin":790,"position":0},"title":"Progetti 2016","date":"5 Marzo 2021","format":false,"excerpt":"La nostra amica Nucci ci ha segnalato 2 progetti: Winfred Alcuni ragazzi che vivono in Kenia avrebbero bisogno di carrozzine per disabili per potersi muovere in autonomia: Winfred una ragazza con residuo visivo limitatissimo con gravi problemi di deambulazione. Ha imparato a lavorare a maglia con la macchina di maglieria\u2026","rel":"","context":"Articolo simile","img":{"alt_text":"","src":"https:\/\/i2.wp.com\/www.onluscosimobattiato.it\/wp-content\/uploads\/2021\/03\/carrozzina.png?resize=350%2C200&ssl=1","width":350,"height":200},"classes":[]},{"id":11,"url":"https:\/\/www.onluscosimobattiato.it\/onlus\/i-progetti\/","url_meta":{"origin":790,"position":1},"title":"I Progetti","date":"14 Febbraio 2018","format":false,"excerpt":"La vendita dei prodotti artigianali realizzati dai volontari, le donazioni elargite e il contributo del 5x1000 ci consentono di rinnovare ogni anno l\u2019adozione di 2 ragazzi che vivono in Ruanda, adottare un bambino significa aiutarlo ad andare a scuola, avere cure mediche e medicine ogni qual volta ne avr\u00e0 bisogno,\u2026","rel":"","context":"Articolo simile","img":{"alt_text":"","src":"","width":0,"height":0},"classes":[]},{"id":535,"url":"https:\/\/www.onluscosimobattiato.it\/onlus\/progetti-2019\/","url_meta":{"origin":790,"position":2},"title":"Progetti 2019","date":"5 Marzo 2021","format":false,"excerpt":"Abbiamo partecipato al progetto \u2018Alimentazione\u2019, segnalato dalla nostra amica Serena. Il progetto promuove l\u2019educazione, la formazione professionale e una alimentazione adeguata a 97 bambini che vivono e studiano presso il Centro di Accoglienza \u2018Lar nova Esperenca\u2019 nella citt\u00e0 di Matola in Monzabico. L\u2019amica Tela ci ha segnalato questi due progetti\u2026","rel":"","context":"Articolo simile","img":{"alt_text":"","src":"https:\/\/i2.wp.com\/www.onluscosimobattiato.it\/wp-content\/uploads\/2021\/03\/PHOTO-2019-03-31-14-16-16.jpg?resize=350%2C200&ssl=1","width":350,"height":200},"classes":[]},{"id":20,"url":"https:\/\/www.onluscosimobattiato.it\/onlus\/chi-siamo\/","url_meta":{"origin":790,"position":3},"title":"Chi siamo","date":"14 Febbraio 2018","format":false,"excerpt":"L'Associazione \u00e8 una organizzazione non lucrativa di solidariet\u00e0 sociale (ONLUS) il cui scopo principale \u00e8 la solidariet\u00e0 sociale verso tutte le persone svantaggiate in ragione di condizioni fisiche, economiche e familiari. L\u2019Associazione \u00e8 stata costituita il 21 dicembre 2010 per ricordare l\u2019opera di amore verso i pi\u00f9 bisognosi da parte\u2026","rel":"","context":"Articolo simile","img":{"alt_text":"","src":"","width":0,"height":0},"classes":[]},{"id":533,"url":"https:\/\/www.onluscosimobattiato.it\/onlus\/progetti-2020\/","url_meta":{"origin":790,"position":4},"title":"Progetti 2020","date":"5 Marzo 2021","format":false,"excerpt":"In questo anno, la pandemia ha limitato la possibilit\u00e0 di realizzare mercatini domenicali, principale mezzo per raccogliere fondi, ma l\u2019Associazione Cosimo Battiato non ha mai smesso di sostenere coloro che ci chiedono un aiuto. Alla casa-famiglia \u2018La Casa della Mamma\u2019 di Roma, che accoglie giovani madri con i loro bambini\u2026","rel":"","context":"Articolo simile","img":{"alt_text":"","src":"","width":0,"height":0},"classes":[]},{"id":508,"url":"https:\/\/www.onluscosimobattiato.it\/onlus\/progetti-2018\/","url_meta":{"origin":790,"position":5},"title":"Progetti 2018","date":"23 Febbraio 2021","format":false,"excerpt":"Thomas vive in Kenia, \u00e8\u00a0un ragazzo cieco con un residuo uditivo limitatissimo. Ha frequentato la scuola superiore per ciechi ed ora \u00e8 stato ammesso ad un College dove conseguir\u00e0 il diploma di insegnante. Purtroppo, Thomas non potr\u00e0 mai insegnare anche se \u00e8 intelligente e volonteroso, se non sar\u00e0 in grado\u2026","rel":"","context":"Articolo simile","img":{"alt_text":"","src":"","width":0,"height":0},"classes":[]}],"_links":{"self":[{"href":"https:\/\/www.onluscosimobattiato.it\/onlus\/wp-json\/wp\/v2\/pages\/790"}],"collection":[{"href":"https:\/\/www.onluscosimobattiato.it\/onlus\/wp-json\/wp\/v2\/pages"}],"about":[{"href":"https:\/\/www.onluscosimobattiato.it\/onlus\/wp-json\/wp\/v2\/types\/page"}],"author":[{"embeddable":true,"href":"https:\/\/www.onluscosimobattiato.it\/onlus\/wp-json\/wp\/v2\/users\/1"}],"replies":[{"embeddable":true,"href":"https:\/\/www.onluscosimobattiato.it\/onlus\/wp-json\/wp\/v2\/comments?post=790"}],"version-history":[{"count":1,"href":"https:\/\/www.onluscosimobattiato.it\/onlus\/wp-json\/wp\/v2\/pages\/790\/revisions"}],"predecessor-version":[{"id":791,"href":"https:\/\/www.onluscosimobattiato.it\/onlus\/wp-json\/wp\/v2\/pages\/790\/revisions\/791"}],"wp:attachment":[{"href":"https:\/\/www.onluscosimobattiato.it\/onlus\/wp-json\/wp\/v2\/media?parent=790"}],"curies":[{"name":"wp","href":"https:\/\/api.w.org\/{rel}","templated":true}]}}